{"id":3017,"date":"2024-03-12T10:44:00","date_gmt":"2024-03-12T10:44:00","guid":{"rendered":"https:\/\/oneselect.motti.dengun.net\/about-one\/one-mission-vision\/"},"modified":"2024-06-24T13:45:05","modified_gmt":"2024-06-24T13:45:05","slug":"missao-visao-da-one","status":"publish","type":"page","link":"https:\/\/oneselect.motti.dengun.net\/pt-pt\/sobre-a-one\/missao-visao-da-one\/","title":{"rendered":"One Mission, One Vision"},"content":{"rendered":"\t\t<div data-elementor-type=\"wp-page\" data-elementor-id=\"3017\" class=\"elementor elementor-3017 elementor-1429\" data-elementor-post-type=\"page\">\n\t\t\t\t<div class=\"elementor-element elementor-element-5b3ed56 e-con-full e-flex e-con e-parent\" data-id=\"5b3ed56\" data-element_type=\"container\">\n\t\t\t\t<div class=\"elementor-element elementor-element-26dbea15 elementor-widget elementor-widget-text-editor\" data-id=\"26dbea15\" data-element_type=\"widget\" data-widget_type=\"text-editor.default\">\n\t\t\t\t<div class=\"elementor-widget-container\">\n\t\t\t\t\t\t\t\t\t\n\t\t<div data-elementor-type=\"single-page\" data-elementor-id=\"3016\" class=\"elementor elementor-3016 elementor-1456\" data-elementor-post-type=\"elementor_library\">\n\t\t\t<div class=\"elementor-element elementor-element-82f51a7 dng-desktop-sub-menu elementor-hidden-tablet elementor-hidden-mobile e-flex e-con-boxed e-con e-parent\" data-id=\"82f51a7\" data-element_type=\"container\" data-settings=\"{&quot;background_background&quot;:&quot;classic&quot;}\">\n\t\t\t\t\t<div class=\"e-con-inner\">\n\t\t\t\t<div class=\"elementor-element elementor-element-ec511f0 elementor-nav-menu--dropdown-none elementor-widget elementor-widget-nav-menu\" data-id=\"ec511f0\" data-element_type=\"widget\" data-settings=\"{&quot;layout&quot;:&quot;horizontal&quot;,&quot;submenu_icon&quot;:{&quot;value&quot;:&quot;&lt;svg class=\\&quot;e-font-icon-svg e-fas-caret-down\\&quot; viewBox=\\&quot;0 0 320 512\\&quot; xmlns=\\&quot;http:\\\/\\\/www.w3.org\\\/2000\\\/svg\\&quot;&gt;&lt;path d=\\&quot;M31.3 192h257.3c17.8 0 26.7 21.5 14.1 34.1L174.1 354.8c-7.8 7.8-20.5 7.8-28.3 0L17.2 226.1C4.6 213.5 13.5 192 31.3 192z\\&quot;&gt;&lt;\\\/path&gt;&lt;\\\/svg&gt;&quot;,&quot;library&quot;:&quot;fa-solid&quot;}}\" data-widget_type=\"nav-menu.default\">\n\t\t\t\t<div class=\"elementor-widget-container\">\n\t\t\t\t\t\t\t\t<nav aria-label=\"Menu\" class=\"elementor-nav-menu--main elementor-nav-menu__container elementor-nav-menu--layout-horizontal e--pointer-none\">\n\t\t\t\t<ul id=\"menu-1-ec511f0\" class=\"elementor-nav-menu\"><li class=\"menu-item menu-item-type-post_type menu-item-object-page menu-item-3251\"><a href=\"https:\/\/oneselect.motti.dengun.net\/pt-pt\/sobre-a-one\/\" class=\"elementor-item\">Sobre a One<\/a><\/li>\n<li class=\"menu-item menu-item-type-post_type menu-item-object-page menu-item-3965\"><a href=\"https:\/\/oneselect.motti.dengun.net\/pt-pt\/sobre-a-one\/porque-escolher-one\/\" class=\"elementor-item\">Escolha a ONE<\/a><\/li>\n<li class=\"menu-item menu-item-type-post_type menu-item-object-page menu-item-3253\"><a href=\"https:\/\/oneselect.motti.dengun.net\/pt-pt\/sobre-a-one\/missao-visao-da-one\/\" class=\"elementor-item\">Miss\u00e3o &#038; Vis\u00e3o<\/a><\/li>\n<\/ul>\t\t\t<\/nav>\n\t\t\t\t\t\t<nav class=\"elementor-nav-menu--dropdown elementor-nav-menu__container\" aria-hidden=\"true\">\n\t\t\t\t<ul id=\"menu-2-ec511f0\" class=\"elementor-nav-menu\"><li class=\"menu-item menu-item-type-post_type menu-item-object-page menu-item-3251\"><a href=\"https:\/\/oneselect.motti.dengun.net\/pt-pt\/sobre-a-one\/\" class=\"elementor-item\" tabindex=\"-1\">Sobre a One<\/a><\/li>\n<li class=\"menu-item menu-item-type-post_type menu-item-object-page menu-item-3965\"><a href=\"https:\/\/oneselect.motti.dengun.net\/pt-pt\/sobre-a-one\/porque-escolher-one\/\" class=\"elementor-item\" tabindex=\"-1\">Escolha a ONE<\/a><\/li>\n<li class=\"menu-item menu-item-type-post_type menu-item-object-page menu-item-3253\"><a href=\"https:\/\/oneselect.motti.dengun.net\/pt-pt\/sobre-a-one\/missao-visao-da-one\/\" class=\"elementor-item\" tabindex=\"-1\">Miss\u00e3o &#038; Vis\u00e3o<\/a><\/li>\n<\/ul>\t\t\t<\/nav>\n\t\t\t\t\t\t<\/div>\n\t\t\t\t<\/div>\n\t\t\t\t\t<\/div>\n\t\t\t\t<\/div>\n\t\t<div class=\"elementor-element elementor-element-06f0fc4 dng-about-header-title e-flex e-con-boxed e-con e-parent\" data-id=\"06f0fc4\" data-element_type=\"container\" data-settings=\"{&quot;background_background&quot;:&quot;classic&quot;}\">\n\t\t\t\t\t<div class=\"e-con-inner\">\n\t\t\t\t<div class=\"elementor-element elementor-element-167c253 elementor-widget elementor-widget-heading\" data-id=\"167c253\" data-element_type=\"widget\" data-widget_type=\"heading.default\">\n\t\t\t\t<div class=\"elementor-widget-container\">\n\t\t\t\t\t<h1 class=\"elementor-heading-title elementor-size-default\">A Miss\u00e3o &#038; Vis\u00e3o da ONE<\/h1>\t\t\t\t<\/div>\n\t\t\t\t<\/div>\n\t\t\t\t<div class=\"elementor-element elementor-element-87e5992 elementor-widget elementor-widget-text-editor\" data-id=\"87e5992\" data-element_type=\"widget\" data-widget_type=\"text-editor.default\">\n\t\t\t\t<div class=\"elementor-widget-container\">\n\t\t\t\t\t\t\t\t\t<p>A Miss\u00e3o &amp; a Vis\u00e3o da ONE Select Properties<\/p>\t\t\t\t\t\t\t\t<\/div>\n\t\t\t\t<\/div>\n\t\t\t\t\t<\/div>\n\t\t\t\t<\/div>\n\t\t<div class=\"elementor-element elementor-element-94cbf1c e-flex e-con-boxed e-con e-parent\" data-id=\"94cbf1c\" data-element_type=\"container\">\n\t\t\t\t\t<div class=\"e-con-inner\">\n\t\t<div class=\"elementor-element elementor-element-beaccb6 e-con-full e-flex e-con e-child\" data-id=\"beaccb6\" data-element_type=\"container\">\n\t\t\t\t<div class=\"elementor-element elementor-element-9cb30d6 elementor-widget elementor-widget-heading\" data-id=\"9cb30d6\" data-element_type=\"widget\" data-widget_type=\"heading.default\">\n\t\t\t\t<div class=\"elementor-widget-container\">\n\t\t\t\t\t<h2 class=\"elementor-heading-title elementor-size-default\">A Miss\u00e3o da ONE Select Properties<\/h2>\t\t\t\t<\/div>\n\t\t\t\t<\/div>\n\t\t\t\t<div class=\"elementor-element elementor-element-037a824 elementor-widget elementor-widget-text-editor\" data-id=\"037a824\" data-element_type=\"widget\" data-widget_type=\"text-editor.default\">\n\t\t\t\t<div class=\"elementor-widget-container\">\n\t\t\t\t\t\t\t\t\t<p>Na ONE Select Properties, incorporamos com orgulho a ess\u00eancia de um escrit\u00f3rio familiar de imobili\u00e1rio de luxo, especializado nas propriedades requintadas do Tri\u00e2ngulo Dourado no Algarve. Com dedica\u00e7\u00e3o a um servi\u00e7o personalizado e um compromisso inabal\u00e1vel com a excel\u00eancia, focamo-nos em atender e priorizar as necessidades de todos os nossos clientes.<\/p><p>Como uma empresa familiar, garantimos que cada intera\u00e7\u00e3o seja fundamentada em proximidade, integridade e um toque pessoal. Al\u00e9m disso, contamos com anos de experi\u00eancia e liga\u00e7\u00f5es profundamente enraizadas dentro da comunidade local, oferecendo uma vis\u00e3o e experi\u00eancia incompar\u00e1veis.<\/p><p>A localiza\u00e7\u00e3o acolhedora do escrit\u00f3rio, no Quinta Shopping, e o atendimento atencioso foram cuidadosamente pensados para criar uma atmosfera acolhedora onde os clientes se sintam valorizados e compreendidos. A nossa presen\u00e7a online atual \u00e9 uma extens\u00e3o perfeita da nossa experi\u00eancia individual nesta \u00e1rea de neg\u00f3cio, permitindo que os clientes explorem a nossa sele\u00e7\u00e3o criteriosa de propriedades com facilidade e conveni\u00eancia, oferecendo desde logo um vislumbre da qualidade de vida que esta zona abra\u00e7a.<br \/>A dedica\u00e7\u00e3o investida na constru\u00e7\u00e3o de relacionamentos duradouros vai al\u00e9m das transa\u00e7\u00f5es imobili\u00e1rias; trata-se de nutrir a confian\u00e7a e a lealdade com cada cliente, ano ap\u00f3s ano.<\/p><p>Na ONE Select Properties, orgulhamo-nos de mediar opera\u00e7\u00f5es imobili\u00e1rias bem-sucedidas, caracterizadas por profissionalismo, aten\u00e7\u00e3o ao detalhe e um desejo genu\u00edno de superar as expectativas. Convidamo-lo a experimentar a diferen\u00e7a da nossa abordagem familiar e embarcar nesta sua aventura imobili\u00e1ria de luxo connosco.<\/p>\t\t\t\t\t\t\t\t<\/div>\n\t\t\t\t<\/div>\n\t\t\t\t<\/div>\n\t\t\t\t\t<\/div>\n\t\t\t\t<\/div>\n\t\t<div class=\"elementor-element elementor-element-fc83a3b e-flex e-con-boxed e-con e-parent\" data-id=\"fc83a3b\" data-element_type=\"container\">\n\t\t\t\t\t<div class=\"e-con-inner\">\n\t\t\t\t<div class=\"elementor-element elementor-element-15b0cf8 elementor-widget-divider--view-line elementor-widget elementor-widget-divider\" data-id=\"15b0cf8\" data-element_type=\"widget\" data-widget_type=\"divider.default\">\n\t\t\t\t<div class=\"elementor-widget-container\">\n\t\t\t\t\t\t\t<div class=\"elementor-divider\">\n\t\t\t<span class=\"elementor-divider-separator\">\n\t\t\t\t\t\t<\/span>\n\t\t<\/div>\n\t\t\t\t\t\t<\/div>\n\t\t\t\t<\/div>\n\t\t<div class=\"elementor-element elementor-element-28a95d9 e-con-full e-flex e-con e-child\" data-id=\"28a95d9\" data-element_type=\"container\">\n\t\t\t\t<div class=\"elementor-element elementor-element-1563aab elementor-widget elementor-widget-heading\" data-id=\"1563aab\" data-element_type=\"widget\" data-widget_type=\"heading.default\">\n\t\t\t\t<div class=\"elementor-widget-container\">\n\t\t\t\t\t<h2 class=\"elementor-heading-title elementor-size-default\">Uma Vis\u00e3o Criteriosamente Definida \n<\/h2>\t\t\t\t<\/div>\n\t\t\t\t<\/div>\n\t\t\t\t<div class=\"elementor-element elementor-element-ae15f32 elementor-widget elementor-widget-text-editor\" data-id=\"ae15f32\" data-element_type=\"widget\" data-widget_type=\"text-editor.default\">\n\t\t\t\t<div class=\"elementor-widget-container\">\n\t\t\t\t\t\t\t\t\t<p>Procuramos redefinir o mercado imobili\u00e1rio de luxo, priorizando a qualidade em vez da quantidade, incorporando a ess\u00eancia de uma boutique familiar neste ramo, enquanto aspiramos a cultivar uma reputa\u00e7\u00e3o distinta baseada na integridade e excel\u00eancia, em vez de mera expans\u00e3o no n\u00famero de funcion\u00e1rios ou escrit\u00f3rios.<\/p><p>Trabalhamos para oferecer aos nossos clientes a garantida promessa de um servi\u00e7o empenhado, discreto e profissional em cada etapa da sua experi\u00eancia de compra e venda. Dedicamo-nos a promover investimentos, propriedades e, em \u00faltima an\u00e1lise, um estilo de vida que reflita as aspira\u00e7\u00f5es e sonhos dos nossos clientes.<\/p><p>\u00c0 medida que avan\u00e7amos, a nossa vis\u00e3o orienta-nos a tornarmo-nos um exemplo de distin\u00e7\u00e3o no mercado imobili\u00e1rio de luxo, onde cada intera\u00e7\u00e3o ecoa com autenticidade, sofistica\u00e7\u00e3o e cuidado personalizado. Na ONE Select Properties, n\u00e3o vendemos apenas propriedades; n\u00f3s criamos experi\u00eancias que elevam estilos de vida e realizam sonhos.<\/p>\t\t\t\t\t\t\t\t<\/div>\n\t\t\t\t<\/div>\n\t\t\t\t<\/div>\n\t\t\t\t\t<\/div>\n\t\t\t\t<\/div>\n\t\t<div class=\"elementor-element elementor-element-4b3c19a e-flex e-con-boxed e-con e-parent\" data-id=\"4b3c19a\" data-element_type=\"container\">\n\t\t\t\t\t<div class=\"e-con-inner\">\n\t\t\t\t<div class=\"elementor-element elementor-element-49d1e3a elementor-widget-divider--view-line elementor-widget elementor-widget-divider\" data-id=\"49d1e3a\" data-element_type=\"widget\" data-widget_type=\"divider.default\">\n\t\t\t\t<div class=\"elementor-widget-container\">\n\t\t\t\t\t\t\t<div class=\"elementor-divider\">\n\t\t\t<span class=\"elementor-divider-separator\">\n\t\t\t\t\t\t<\/span>\n\t\t<\/div>\n\t\t\t\t\t\t<\/div>\n\t\t\t\t<\/div>\n\t\t<div class=\"elementor-element elementor-element-294ae05 e-con-full e-flex e-con e-child\" data-id=\"294ae05\" data-element_type=\"container\">\n\t\t\t\t<div class=\"elementor-element elementor-element-476cd84 elementor-widget elementor-widget-heading\" data-id=\"476cd84\" data-element_type=\"widget\" data-widget_type=\"heading.default\">\n\t\t\t\t<div class=\"elementor-widget-container\">\n\t\t\t\t\t<h2 class=\"elementor-heading-title elementor-size-default\">Os Nossos Objetivos Estrat\u00e9gicos<\/h2>\t\t\t\t<\/div>\n\t\t\t\t<\/div>\n\t\t\t\t<div class=\"elementor-element elementor-element-210a52c elementor-widget elementor-widget-text-editor\" data-id=\"210a52c\" data-element_type=\"widget\" data-widget_type=\"text-editor.default\">\n\t\t\t\t<div class=\"elementor-widget-container\">\n\t\t\t\t\t\t\t\t\t<ul><li><strong>Liderar Atrav\u00e9s de um Acompanhamento Personalizado<\/strong>, oferecendo um suporte abrangente e orienta\u00e7\u00e3o aos clientes desde o primeiro contacto at\u00e9 \u00e0 conclus\u00e3o da transa\u00e7\u00e3o, garantindo uma abordagem individualizada, demonstrando o nosso compromisso.<\/li><li><strong>Promover o Estilo de Vida \u00danico<\/strong> e as atra\u00e7\u00f5es da nossa localiza\u00e7\u00e3o de exce\u00e7\u00e3o, levando os clientes a apaixonarem-se pela \u00e1rea e imaginarem-se a viver esta vida de elei\u00e7\u00e3o, aumentando assim o apelo das propriedades dentro do nosso portf\u00f3lio.<\/li><li><strong>Real\u00e7ar e Valorizar as Angaria\u00e7\u00f5es<\/strong>, garantindo que cada propriedade seja apresentada da melhor forma poss\u00edvel e ofere\u00e7a benef\u00edcios \u00fanicos aos potenciais compradores, ao mesmo tempo, garantindo aos vendedores a veracidade por tr\u00e1s da jornada promocional exclusiva da sua propriedade.<\/li><li><strong>Otimizar Valor nas Oportunidades<\/strong>, para encontrar consistentemente as melhores ofertas para nossos clientes, seja na compra ou na venda de propriedades, aproveitando o conhecimento profundo do mercado e habilidades de negocia\u00e7\u00e3o para maximizar o valor.<\/li><li><strong>Manter o Nosso Servi\u00e7o Excecional<\/strong> e entreg\u00e1-lo continuamente em todos os momentos, estabelecendo um padr\u00e3o de excel\u00eancia que excede as expectativas dos clientes e fomenta a lealdade e a satisfa\u00e7\u00e3o a longo prazo.<\/li><li><strong>Impulsionar Vendas na Nossa Localiza\u00e7\u00e3o<\/strong> de elei\u00e7\u00e3o, utilizando a nossa experi\u00eancia e extensa rede para envolver potenciais compradores e promover resultados mutuamente ben\u00e9ficos, sempre fi\u00e9is aos objetivos estabelecidos.<\/li><\/ul>\t\t\t\t\t\t\t\t<\/div>\n\t\t\t\t<\/div>\n\t\t\t\t<\/div>\n\t\t\t\t\t<\/div>\n\t\t\t\t<\/div>\n\t\t<div class=\"elementor-element elementor-element-1bd7a61 e-flex e-con-boxed e-con e-parent\" data-id=\"1bd7a61\" data-element_type=\"container\">\n\t\t\t\t\t<div class=\"e-con-inner\">\n\t\t\t\t<div class=\"elementor-element elementor-element-6875e63 elementor-widget-divider--view-line elementor-widget elementor-widget-divider\" data-id=\"6875e63\" data-element_type=\"widget\" data-widget_type=\"divider.default\">\n\t\t\t\t<div class=\"elementor-widget-container\">\n\t\t\t\t\t\t\t<div class=\"elementor-divider\">\n\t\t\t<span class=\"elementor-divider-separator\">\n\t\t\t\t\t\t<\/span>\n\t\t<\/div>\n\t\t\t\t\t\t<\/div>\n\t\t\t\t<\/div>\n\t\t<div class=\"elementor-element elementor-element-c32f556 e-con-full e-flex e-con e-child\" data-id=\"c32f556\" data-element_type=\"container\">\n\t\t\t\t<div class=\"elementor-element elementor-element-73c3cdb elementor-widget elementor-widget-heading\" data-id=\"73c3cdb\" data-element_type=\"widget\" data-widget_type=\"heading.default\">\n\t\t\t\t<div class=\"elementor-widget-container\">\n\t\t\t\t\t<h2 class=\"elementor-heading-title elementor-size-default\">Os Nossos Princ\u00edpios Orientadores Para Garantir A Excel\u00eancia<\/h2>\t\t\t\t<\/div>\n\t\t\t\t<\/div>\n\t\t\t\t<div class=\"elementor-element elementor-element-9a9b105 elementor-widget elementor-widget-text-editor\" data-id=\"9a9b105\" data-element_type=\"widget\" data-widget_type=\"text-editor.default\">\n\t\t\t\t<div class=\"elementor-widget-container\">\n\t\t\t\t\t\t\t\t\t<ul><li><strong>Paix\u00e3o por Im\u00f3veis de Luxo e Pela \u00c1rea<\/strong>, \u00e9 o que alimenta a nossa dedica\u00e7\u00e3o para oferecer um servi\u00e7o e aconselhamento excecional aos nossos clientes.<\/li><li><strong>Incans\u00e1vel Constru\u00e7\u00e3o de Confian\u00e7a<\/strong>, para formar a base dos nossos relacionamentos com clientes e colegas, priorizando transpar\u00eancia, confiabilidade e responsabilidade em todas as intera\u00e7\u00f5es, ganhando e mantendo a confian\u00e7a daqueles que servimos.<\/li><li><strong>Comunica\u00e7\u00e3o Clara e Processos Transparentes<\/strong>, para oferecer aos nossos clientes informa\u00e7\u00f5es e orienta\u00e7\u00f5es, capacitando-os a tomar decis\u00f5es informadas com confian\u00e7a.<\/li><li><strong>Integridade \u00c9 Fundamental em Tudo o que Fazemos<\/strong>. Seguimos os mais altos padr\u00f5es de honestidade e comportamento \u00e9tico, garantindo que as nossas a\u00e7\u00f5es estejam sempre alinhadas com os nossos valores e princ\u00edpios.<\/li><li><strong>Dedica\u00e7\u00e3o Suprema<\/strong>. Superamos as nossas metas para atender \u00e0s necessidades dos nossos clientes e atingir as suas expectativas, demonstrando dedica\u00e7\u00e3o e determina\u00e7\u00e3o em todos os esfor\u00e7os.<\/li><li><strong>Com Mais de 30 Anos de Experi\u00eancia<\/strong> no mercado imobili\u00e1rio de luxo, trazemos experi\u00eancia e conhecimento incompar\u00e1vel a cada transa\u00e7\u00e3o. O nosso extenso conhecimento e hist\u00f3ria de sucesso, servem como testemunho do nosso profissionalismo e credibilidade.<\/li><li><strong>Respeito em Todas as Intera\u00e7\u00f5es<\/strong>, seja com clientes, colegas ou parceiros do setor. Damos prioridade \u00e0 colabora\u00e7\u00e3o e ao trabalho em equipa, reconhecendo a import\u00e2ncia de fomentar relacionamentos positivos para alcan\u00e7ar o sucesso coletivo.<\/li><\/ul>\t\t\t\t\t\t\t\t<\/div>\n\t\t\t\t<\/div>\n\t\t\t\t<\/div>\n\t\t\t\t\t<\/div>\n\t\t\t\t<\/div>\n\t\t\t\t<\/div>\n\t\t\n\t\t\t\t\t\t\t\t<\/div>\n\t\t\t\t<\/div>\n\t\t\t\t<\/div>\n\t\t\t\t<\/div>\n\t\t","protected":false},"excerpt":{"rendered":"","protected":false},"author":2,"featured_media":0,"parent":2984,"menu_order":0,"comment_status":"closed","ping_status":"closed","template":"elementor_header_footer","meta":{"_acf_changed":false,"footnotes":""},"class_list":["post-3017","page","type-page","status-publish","hentry"],"acf":[],"yoast_head":"<!-- This site is optimized with the Yoast SEO Premium plugin v25.1 (Yoast SEO v25.1) - https:\/\/yoast.com\/wordpress\/plugins\/seo\/ -->\n<title>One Mission, One Vision | One Select Properties<\/title>\n<meta name=\"robots\" content=\"noindex, follow, max-snippet:-1, max-image-preview:large, max-video-preview:-1\" \/>\n<meta property=\"og:locale\" content=\"pt_PT\" \/>\n<meta property=\"og:type\" content=\"article\" \/>\n<meta property=\"og:title\" content=\"One Mission, One Vision\" \/>\n<meta property=\"og:url\" content=\"https:\/\/oneselect.motti.dengun.net\/pt-pt\/sobre-a-one\/missao-visao-da-one\/\" \/>\n<meta property=\"og:site_name\" content=\"One Select Properties\" \/>\n<meta property=\"article:publisher\" content=\"https:\/\/www.facebook.com\/oneselectproperties\" \/>\n<meta property=\"article:modified_time\" content=\"2024-06-24T13:45:05+00:00\" \/>\n<meta property=\"og:image\" content=\"https:\/\/oneselect.motti.dengun.net\/wp-content\/uploads\/2024\/01\/oneselectMain-scaled.webp\" \/>\n\t<meta property=\"og:image:width\" content=\"2560\" \/>\n\t<meta property=\"og:image:height\" content=\"1600\" \/>\n\t<meta property=\"og:image:type\" content=\"image\/webp\" \/>\n<meta name=\"twitter:card\" content=\"summary_large_image\" \/>\n<meta name=\"twitter:label1\" content=\"Tempo estimado de leitura\" \/>\n\t<meta name=\"twitter:data1\" content=\"3 minutos\" \/>\n<script type=\"application\/ld+json\" class=\"yoast-schema-graph\">{\"@context\":\"https:\/\/schema.org\",\"@graph\":[{\"@type\":\"WebPage\",\"@id\":\"https:\/\/oneselect.motti.dengun.net\/pt-pt\/sobre-a-one\/missao-visao-da-one\/\",\"url\":\"https:\/\/oneselect.motti.dengun.net\/pt-pt\/sobre-a-one\/missao-visao-da-one\/\",\"name\":\"One Mission, One Vision | One Select Properties\",\"isPartOf\":{\"@id\":\"https:\/\/oneselect.motti.dengun.net\/pt-pt\/#website\"},\"datePublished\":\"2024-03-12T10:44:00+00:00\",\"dateModified\":\"2024-06-24T13:45:05+00:00\",\"breadcrumb\":{\"@id\":\"https:\/\/oneselect.motti.dengun.net\/pt-pt\/sobre-a-one\/missao-visao-da-one\/#breadcrumb\"},\"inLanguage\":\"pt-PT\",\"potentialAction\":[{\"@type\":\"ReadAction\",\"target\":[\"https:\/\/oneselect.motti.dengun.net\/pt-pt\/sobre-a-one\/missao-visao-da-one\/\"]}]},{\"@type\":\"BreadcrumbList\",\"@id\":\"https:\/\/oneselect.motti.dengun.net\/pt-pt\/sobre-a-one\/missao-visao-da-one\/#breadcrumb\",\"itemListElement\":[{\"@type\":\"ListItem\",\"position\":1,\"name\":\"Home\",\"item\":\"https:\/\/oneselect.motti.dengun.net\/pt-pt\/\"},{\"@type\":\"ListItem\",\"position\":2,\"name\":\"Sobre a One\",\"item\":\"https:\/\/oneselect.motti.dengun.net\/pt-pt\/sobre-a-one\/\"},{\"@type\":\"ListItem\",\"position\":3,\"name\":\"One Mission, One Vision\"}]},{\"@type\":\"WebSite\",\"@id\":\"https:\/\/oneselect.motti.dengun.net\/pt-pt\/#website\",\"url\":\"https:\/\/oneselect.motti.dengun.net\/pt-pt\/\",\"name\":\"ONE Select Properties\",\"description\":\"\",\"publisher\":{\"@id\":\"https:\/\/oneselect.motti.dengun.net\/pt-pt\/#organization\"},\"potentialAction\":[{\"@type\":\"SearchAction\",\"target\":{\"@type\":\"EntryPoint\",\"urlTemplate\":\"https:\/\/oneselect.motti.dengun.net\/pt-pt\/?s={search_term_string}\"},\"query-input\":{\"@type\":\"PropertyValueSpecification\",\"valueRequired\":true,\"valueName\":\"search_term_string\"}}],\"inLanguage\":\"pt-PT\"},{\"@type\":\"Organization\",\"@id\":\"https:\/\/oneselect.motti.dengun.net\/pt-pt\/#organization\",\"name\":\"ONE Select Properties\",\"url\":\"https:\/\/oneselect.motti.dengun.net\/pt-pt\/\",\"logo\":{\"@type\":\"ImageObject\",\"inLanguage\":\"pt-PT\",\"@id\":\"https:\/\/oneselect.motti.dengun.net\/pt-pt\/#\/schema\/logo\/image\/\",\"url\":\"https:\/\/oneselect.motti.dengun.net\/wp-content\/uploads\/2024\/01\/one-logo-white.svg\",\"contentUrl\":\"https:\/\/oneselect.motti.dengun.net\/wp-content\/uploads\/2024\/01\/one-logo-white.svg\",\"caption\":\"ONE Select Properties\"},\"image\":{\"@id\":\"https:\/\/oneselect.motti.dengun.net\/pt-pt\/#\/schema\/logo\/image\/\"},\"sameAs\":[\"https:\/\/www.facebook.com\/oneselectproperties\",\"https:\/\/www.instagram.com\/oneselectproperties\/\",\"https:\/\/www.youtube.com\/channel\/UCbsKrg5UMCIAsweTI6P367A\",\"https:\/\/www.linkedin.com\/company\/one-select-properties\"],\"email\":\"info@oneselectproperties.com\",\"telephone\":\"(+351) 289 143 940\",\"legalName\":\"Carvalho & Castro Imobili\u00e1ria Lda\",\"numberOfEmployees\":{\"@type\":\"QuantitativeValue\",\"minValue\":\"1\",\"maxValue\":\"10\"}}]}<\/script>\n<!-- \/ Yoast SEO Premium plugin. -->","yoast_head_json":{"title":"One Mission, One Vision | One Select Properties","robots":{"index":"noindex","follow":"follow","max-snippet":"max-snippet:-1","max-image-preview":"max-image-preview:large","max-video-preview":"max-video-preview:-1"},"og_locale":"pt_PT","og_type":"article","og_title":"One Mission, One Vision","og_url":"https:\/\/oneselect.motti.dengun.net\/pt-pt\/sobre-a-one\/missao-visao-da-one\/","og_site_name":"One Select Properties","article_publisher":"https:\/\/www.facebook.com\/oneselectproperties","article_modified_time":"2024-06-24T13:45:05+00:00","og_image":[{"width":2560,"height":1600,"url":"https:\/\/oneselect.motti.dengun.net\/wp-content\/uploads\/2024\/01\/oneselectMain-scaled.webp","type":"image\/webp"}],"twitter_card":"summary_large_image","twitter_misc":{"Tempo estimado de leitura":"3 minutos"},"schema":{"@context":"https:\/\/schema.org","@graph":[{"@type":"WebPage","@id":"https:\/\/oneselect.motti.dengun.net\/pt-pt\/sobre-a-one\/missao-visao-da-one\/","url":"https:\/\/oneselect.motti.dengun.net\/pt-pt\/sobre-a-one\/missao-visao-da-one\/","name":"One Mission, One Vision | One Select Properties","isPartOf":{"@id":"https:\/\/oneselect.motti.dengun.net\/pt-pt\/#website"},"datePublished":"2024-03-12T10:44:00+00:00","dateModified":"2024-06-24T13:45:05+00:00","breadcrumb":{"@id":"https:\/\/oneselect.motti.dengun.net\/pt-pt\/sobre-a-one\/missao-visao-da-one\/#breadcrumb"},"inLanguage":"pt-PT","potentialAction":[{"@type":"ReadAction","target":["https:\/\/oneselect.motti.dengun.net\/pt-pt\/sobre-a-one\/missao-visao-da-one\/"]}]},{"@type":"BreadcrumbList","@id":"https:\/\/oneselect.motti.dengun.net\/pt-pt\/sobre-a-one\/missao-visao-da-one\/#breadcrumb","itemListElement":[{"@type":"ListItem","position":1,"name":"Home","item":"https:\/\/oneselect.motti.dengun.net\/pt-pt\/"},{"@type":"ListItem","position":2,"name":"Sobre a One","item":"https:\/\/oneselect.motti.dengun.net\/pt-pt\/sobre-a-one\/"},{"@type":"ListItem","position":3,"name":"One Mission, One Vision"}]},{"@type":"WebSite","@id":"https:\/\/oneselect.motti.dengun.net\/pt-pt\/#website","url":"https:\/\/oneselect.motti.dengun.net\/pt-pt\/","name":"ONE Select Properties","description":"","publisher":{"@id":"https:\/\/oneselect.motti.dengun.net\/pt-pt\/#organization"},"potentialAction":[{"@type":"SearchAction","target":{"@type":"EntryPoint","urlTemplate":"https:\/\/oneselect.motti.dengun.net\/pt-pt\/?s={search_term_string}"},"query-input":{"@type":"PropertyValueSpecification","valueRequired":true,"valueName":"search_term_string"}}],"inLanguage":"pt-PT"},{"@type":"Organization","@id":"https:\/\/oneselect.motti.dengun.net\/pt-pt\/#organization","name":"ONE Select Properties","url":"https:\/\/oneselect.motti.dengun.net\/pt-pt\/","logo":{"@type":"ImageObject","inLanguage":"pt-PT","@id":"https:\/\/oneselect.motti.dengun.net\/pt-pt\/#\/schema\/logo\/image\/","url":"https:\/\/oneselect.motti.dengun.net\/wp-content\/uploads\/2024\/01\/one-logo-white.svg","contentUrl":"https:\/\/oneselect.motti.dengun.net\/wp-content\/uploads\/2024\/01\/one-logo-white.svg","caption":"ONE Select Properties"},"image":{"@id":"https:\/\/oneselect.motti.dengun.net\/pt-pt\/#\/schema\/logo\/image\/"},"sameAs":["https:\/\/www.facebook.com\/oneselectproperties","https:\/\/www.instagram.com\/oneselectproperties\/","https:\/\/www.youtube.com\/channel\/UCbsKrg5UMCIAsweTI6P367A","https:\/\/www.linkedin.com\/company\/one-select-properties"],"email":"info@oneselectproperties.com","telephone":"(+351) 289 143 940","legalName":"Carvalho & Castro Imobili\u00e1ria Lda","numberOfEmployees":{"@type":"QuantitativeValue","minValue":"1","maxValue":"10"}}]}},"_links":{"self":[{"href":"https:\/\/oneselect.motti.dengun.net\/pt-pt\/wp-json\/wp\/v2\/pages\/3017","targetHints":{"allow":["GET"]}}],"collection":[{"href":"https:\/\/oneselect.motti.dengun.net\/pt-pt\/wp-json\/wp\/v2\/pages"}],"about":[{"href":"https:\/\/oneselect.motti.dengun.net\/pt-pt\/wp-json\/wp\/v2\/types\/page"}],"author":[{"embeddable":true,"href":"https:\/\/oneselect.motti.dengun.net\/pt-pt\/wp-json\/wp\/v2\/users\/2"}],"replies":[{"embeddable":true,"href":"https:\/\/oneselect.motti.dengun.net\/pt-pt\/wp-json\/wp\/v2\/comments?post=3017"}],"version-history":[{"count":0,"href":"https:\/\/oneselect.motti.dengun.net\/pt-pt\/wp-json\/wp\/v2\/pages\/3017\/revisions"}],"up":[{"embeddable":true,"href":"https:\/\/oneselect.motti.dengun.net\/pt-pt\/wp-json\/wp\/v2\/pages\/2984"}],"wp:attachment":[{"href":"https:\/\/oneselect.motti.dengun.net\/pt-pt\/wp-json\/wp\/v2\/media?parent=3017"}],"curies":[{"name":"wp","href":"https:\/\/api.w.org\/{rel}","templated":true}]}}