{"id":3056,"date":"2024-01-30T14:35:39","date_gmt":"2024-01-30T14:35:39","guid":{"rendered":"https:\/\/oneselect.motti.dengun.net\/properties\/"},"modified":"2024-07-19T19:47:02","modified_gmt":"2024-07-19T19:47:02","slug":"propriedades","status":"publish","type":"page","link":"https:\/\/oneselect.motti.dengun.net\/pt-pt\/propriedades\/","title":{"rendered":"Propriedades"},"content":{"rendered":"","protected":false},"excerpt":{"rendered":"","protected":false},"author":3,"featured_media":0,"parent":0,"menu_order":0,"comment_status":"closed","ping_status":"closed","template":"","meta":{"_acf_changed":false,"footnotes":""},"class_list":["post-3056","page","type-page","status-publish","hentry"],"acf":[],"yoast_head":"<!-- This site is optimized with the Yoast SEO Premium plugin v25.1 (Yoast SEO v25.1) - https:\/\/yoast.com\/wordpress\/plugins\/seo\/ -->\n<title>Moradias de Luxo para Venda | One Select Properties<\/title>\n<meta name=\"description\" content=\"Explore a nossa sele\u00e7\u00e3o de moradias de luxo para venda no Algarve. Encontre o seu ref\u00fagio exclusivo em Vale do Lobo com a One Select Properties.\" \/>\n<meta name=\"robots\" content=\"noindex, follow, max-snippet:-1, max-image-preview:large, max-video-preview:-1\" \/>\n<meta property=\"og:locale\" content=\"pt_PT\" \/>\n<meta property=\"og:type\" content=\"article\" \/>\n<meta property=\"og:title\" content=\"Propriedades\" \/>\n<meta property=\"og:description\" content=\"Explore a nossa sele\u00e7\u00e3o de moradias de luxo para venda no Algarve. Encontre o seu ref\u00fagio exclusivo em Vale do Lobo com a One Select Properties.\" \/>\n<meta property=\"og:url\" content=\"https:\/\/oneselect.motti.dengun.net\/pt-pt\/propriedades\/\" \/>\n<meta property=\"og:site_name\" content=\"One Select Properties\" \/>\n<meta property=\"article:publisher\" content=\"https:\/\/www.facebook.com\/oneselectproperties\" \/>\n<meta property=\"article:modified_time\" content=\"2024-07-19T19:47:02+00:00\" \/>\n<meta property=\"og:image\" content=\"https:\/\/oneselect.motti.dengun.net\/wp-content\/uploads\/2024\/01\/oneselectMain-scaled.webp\" \/>\n\t<meta property=\"og:image:width\" content=\"2560\" \/>\n\t<meta property=\"og:image:height\" content=\"1600\" \/>\n\t<meta property=\"og:image:type\" content=\"image\/webp\" \/>\n<meta name=\"twitter:card\" content=\"summary_large_image\" \/>\n<script type=\"application\/ld+json\" class=\"yoast-schema-graph\">{\"@context\":\"https:\/\/schema.org\",\"@graph\":[{\"@type\":\"WebPage\",\"@id\":\"https:\/\/oneselect.motti.dengun.net\/pt-pt\/propriedades\/\",\"url\":\"https:\/\/oneselect.motti.dengun.net\/pt-pt\/propriedades\/\",\"name\":\"Moradias de Luxo para Venda | One Select Properties\",\"isPartOf\":{\"@id\":\"https:\/\/oneselect.motti.dengun.net\/pt-pt\/#website\"},\"datePublished\":\"2024-01-30T14:35:39+00:00\",\"dateModified\":\"2024-07-19T19:47:02+00:00\",\"description\":\"Explore a nossa sele\u00e7\u00e3o de moradias de luxo para venda no Algarve. Encontre o seu ref\u00fagio exclusivo em Vale do Lobo com a One Select Properties.\",\"breadcrumb\":{\"@id\":\"https:\/\/oneselect.motti.dengun.net\/pt-pt\/propriedades\/#breadcrumb\"},\"inLanguage\":\"pt-PT\",\"potentialAction\":[{\"@type\":\"ReadAction\",\"target\":[\"https:\/\/oneselect.motti.dengun.net\/pt-pt\/propriedades\/\"]}]},{\"@type\":\"BreadcrumbList\",\"@id\":\"https:\/\/oneselect.motti.dengun.net\/pt-pt\/propriedades\/#breadcrumb\",\"itemListElement\":[{\"@type\":\"ListItem\",\"position\":1,\"name\":\"Home\",\"item\":\"https:\/\/oneselect.motti.dengun.net\/pt-pt\/\"},{\"@type\":\"ListItem\",\"position\":2,\"name\":\"Propriedades\"}]},{\"@type\":\"WebSite\",\"@id\":\"https:\/\/oneselect.motti.dengun.net\/pt-pt\/#website\",\"url\":\"https:\/\/oneselect.motti.dengun.net\/pt-pt\/\",\"name\":\"ONE Select Properties\",\"description\":\"\",\"publisher\":{\"@id\":\"https:\/\/oneselect.motti.dengun.net\/pt-pt\/#organization\"},\"potentialAction\":[{\"@type\":\"SearchAction\",\"target\":{\"@type\":\"EntryPoint\",\"urlTemplate\":\"https:\/\/oneselect.motti.dengun.net\/pt-pt\/?s={search_term_string}\"},\"query-input\":{\"@type\":\"PropertyValueSpecification\",\"valueRequired\":true,\"valueName\":\"search_term_string\"}}],\"inLanguage\":\"pt-PT\"},{\"@type\":\"Organization\",\"@id\":\"https:\/\/oneselect.motti.dengun.net\/pt-pt\/#organization\",\"name\":\"ONE Select Properties\",\"url\":\"https:\/\/oneselect.motti.dengun.net\/pt-pt\/\",\"logo\":{\"@type\":\"ImageObject\",\"inLanguage\":\"pt-PT\",\"@id\":\"https:\/\/oneselect.motti.dengun.net\/pt-pt\/#\/schema\/logo\/image\/\",\"url\":\"https:\/\/oneselect.motti.dengun.net\/wp-content\/uploads\/2024\/01\/one-logo-white.svg\",\"contentUrl\":\"https:\/\/oneselect.motti.dengun.net\/wp-content\/uploads\/2024\/01\/one-logo-white.svg\",\"caption\":\"ONE Select Properties\"},\"image\":{\"@id\":\"https:\/\/oneselect.motti.dengun.net\/pt-pt\/#\/schema\/logo\/image\/\"},\"sameAs\":[\"https:\/\/www.facebook.com\/oneselectproperties\",\"https:\/\/www.instagram.com\/oneselectproperties\/\",\"https:\/\/www.youtube.com\/channel\/UCbsKrg5UMCIAsweTI6P367A\",\"https:\/\/www.linkedin.com\/company\/one-select-properties\"],\"email\":\"info@oneselectproperties.com\",\"telephone\":\"(+351) 289 143 940\",\"legalName\":\"Carvalho & Castro Imobili\u00e1ria Lda\",\"numberOfEmployees\":{\"@type\":\"QuantitativeValue\",\"minValue\":\"1\",\"maxValue\":\"10\"}}]}<\/script>\n<!-- \/ Yoast SEO Premium plugin. -->","yoast_head_json":{"title":"Moradias de Luxo para Venda | One Select Properties","description":"Explore a nossa sele\u00e7\u00e3o de moradias de luxo para venda no Algarve. Encontre o seu ref\u00fagio exclusivo em Vale do Lobo com a One Select Properties.","robots":{"index":"noindex","follow":"follow","max-snippet":"max-snippet:-1","max-image-preview":"max-image-preview:large","max-video-preview":"max-video-preview:-1"},"og_locale":"pt_PT","og_type":"article","og_title":"Propriedades","og_description":"Explore a nossa sele\u00e7\u00e3o de moradias de luxo para venda no Algarve. Encontre o seu ref\u00fagio exclusivo em Vale do Lobo com a One Select Properties.","og_url":"https:\/\/oneselect.motti.dengun.net\/pt-pt\/propriedades\/","og_site_name":"One Select Properties","article_publisher":"https:\/\/www.facebook.com\/oneselectproperties","article_modified_time":"2024-07-19T19:47:02+00:00","og_image":[{"width":2560,"height":1600,"url":"https:\/\/oneselect.motti.dengun.net\/wp-content\/uploads\/2024\/01\/oneselectMain-scaled.webp","type":"image\/webp"}],"twitter_card":"summary_large_image","schema":{"@context":"https:\/\/schema.org","@graph":[{"@type":"WebPage","@id":"https:\/\/oneselect.motti.dengun.net\/pt-pt\/propriedades\/","url":"https:\/\/oneselect.motti.dengun.net\/pt-pt\/propriedades\/","name":"Moradias de Luxo para Venda | One Select Properties","isPartOf":{"@id":"https:\/\/oneselect.motti.dengun.net\/pt-pt\/#website"},"datePublished":"2024-01-30T14:35:39+00:00","dateModified":"2024-07-19T19:47:02+00:00","description":"Explore a nossa sele\u00e7\u00e3o de moradias de luxo para venda no Algarve. Encontre o seu ref\u00fagio exclusivo em Vale do Lobo com a One Select Properties.","breadcrumb":{"@id":"https:\/\/oneselect.motti.dengun.net\/pt-pt\/propriedades\/#breadcrumb"},"inLanguage":"pt-PT","potentialAction":[{"@type":"ReadAction","target":["https:\/\/oneselect.motti.dengun.net\/pt-pt\/propriedades\/"]}]},{"@type":"BreadcrumbList","@id":"https:\/\/oneselect.motti.dengun.net\/pt-pt\/propriedades\/#breadcrumb","itemListElement":[{"@type":"ListItem","position":1,"name":"Home","item":"https:\/\/oneselect.motti.dengun.net\/pt-pt\/"},{"@type":"ListItem","position":2,"name":"Propriedades"}]},{"@type":"WebSite","@id":"https:\/\/oneselect.motti.dengun.net\/pt-pt\/#website","url":"https:\/\/oneselect.motti.dengun.net\/pt-pt\/","name":"ONE Select Properties","description":"","publisher":{"@id":"https:\/\/oneselect.motti.dengun.net\/pt-pt\/#organization"},"potentialAction":[{"@type":"SearchAction","target":{"@type":"EntryPoint","urlTemplate":"https:\/\/oneselect.motti.dengun.net\/pt-pt\/?s={search_term_string}"},"query-input":{"@type":"PropertyValueSpecification","valueRequired":true,"valueName":"search_term_string"}}],"inLanguage":"pt-PT"},{"@type":"Organization","@id":"https:\/\/oneselect.motti.dengun.net\/pt-pt\/#organization","name":"ONE Select Properties","url":"https:\/\/oneselect.motti.dengun.net\/pt-pt\/","logo":{"@type":"ImageObject","inLanguage":"pt-PT","@id":"https:\/\/oneselect.motti.dengun.net\/pt-pt\/#\/schema\/logo\/image\/","url":"https:\/\/oneselect.motti.dengun.net\/wp-content\/uploads\/2024\/01\/one-logo-white.svg","contentUrl":"https:\/\/oneselect.motti.dengun.net\/wp-content\/uploads\/2024\/01\/one-logo-white.svg","caption":"ONE Select Properties"},"image":{"@id":"https:\/\/oneselect.motti.dengun.net\/pt-pt\/#\/schema\/logo\/image\/"},"sameAs":["https:\/\/www.facebook.com\/oneselectproperties","https:\/\/www.instagram.com\/oneselectproperties\/","https:\/\/www.youtube.com\/channel\/UCbsKrg5UMCIAsweTI6P367A","https:\/\/www.linkedin.com\/company\/one-select-properties"],"email":"info@oneselectproperties.com","telephone":"(+351) 289 143 940","legalName":"Carvalho & Castro Imobili\u00e1ria Lda","numberOfEmployees":{"@type":"QuantitativeValue","minValue":"1","maxValue":"10"}}]}},"_links":{"self":[{"href":"https:\/\/oneselect.motti.dengun.net\/pt-pt\/wp-json\/wp\/v2\/pages\/3056","targetHints":{"allow":["GET"]}}],"collection":[{"href":"https:\/\/oneselect.motti.dengun.net\/pt-pt\/wp-json\/wp\/v2\/pages"}],"about":[{"href":"https:\/\/oneselect.motti.dengun.net\/pt-pt\/wp-json\/wp\/v2\/types\/page"}],"author":[{"embeddable":true,"href":"https:\/\/oneselect.motti.dengun.net\/pt-pt\/wp-json\/wp\/v2\/users\/3"}],"replies":[{"embeddable":true,"href":"https:\/\/oneselect.motti.dengun.net\/pt-pt\/wp-json\/wp\/v2\/comments?post=3056"}],"version-history":[{"count":0,"href":"https:\/\/oneselect.motti.dengun.net\/pt-pt\/wp-json\/wp\/v2\/pages\/3056\/revisions"}],"wp:attachment":[{"href":"https:\/\/oneselect.motti.dengun.net\/pt-pt\/wp-json\/wp\/v2\/media?parent=3056"}],"curies":[{"name":"wp","href":"https:\/\/api.w.org\/{rel}","templated":true}]}}