{"id":4985,"date":"2025-02-03T05:51:18","date_gmt":"2025-02-03T05:51:18","guid":{"rendered":"https:\/\/oneselect.motti.dengun.net\/newsletter\/"},"modified":"2025-02-07T07:21:00","modified_gmt":"2025-02-07T07:21:00","slug":"newsletter","status":"publish","type":"page","link":"https:\/\/oneselect.motti.dengun.net\/pt-pt\/newsletter\/","title":{"rendered":"Newsletter"},"content":{"rendered":"\t\t<div data-elementor-type=\"wp-page\" data-elementor-id=\"4985\" class=\"elementor elementor-4985 elementor-4888\" data-elementor-post-type=\"page\">\n\t\t\t\t<section class=\"elementor-element elementor-element-a4cc58f e-con-full e-flex e-con e-parent\" data-id=\"a4cc58f\" data-element_type=\"container\" data-settings=\"{&quot;background_background&quot;:&quot;classic&quot;}\">\n\t\t<div class=\"elementor-element elementor-element-bf382da e-flex e-con-boxed e-con e-child\" data-id=\"bf382da\" data-element_type=\"container\">\n\t\t\t\t\t<div class=\"e-con-inner\">\n\t\t<div class=\"elementor-element elementor-element-46a0b5a e-con-full e-flex e-con e-child\" data-id=\"46a0b5a\" data-element_type=\"container\" data-settings=\"{&quot;background_background&quot;:&quot;gradient&quot;}\">\n\t\t\t\t<div class=\"elementor-element elementor-element-908419b elementor-widget elementor-widget-heading\" data-id=\"908419b\" data-element_type=\"widget\" data-widget_type=\"heading.default\">\n\t\t\t\t<div class=\"elementor-widget-container\">\n\t\t\t\t\t<h1 class=\"elementor-heading-title elementor-size-default\">Otimize o Seu Investimento Imobili\u00e1rio em Portugal<\/h1>\t\t\t\t<\/div>\n\t\t\t\t<\/div>\n\t\t\t\t<div class=\"elementor-element elementor-element-c912040 elementor-widget elementor-widget-text-editor\" data-id=\"c912040\" data-element_type=\"widget\" data-widget_type=\"text-editor.default\">\n\t\t\t\t<div class=\"elementor-widget-container\">\n\t\t\t\t\t\t\t\t\t<p id=\"posted-message-container\" class=\"zcmsgcnt textL\" dir=\"auto\" style=\"text-align: center;\">Quer poupar nos impostos sobre im\u00f3veis? Descarregue o nosso <strong>&#8216;Guia Gratuito de Impostos Imobili\u00e1rios&#8217;<\/strong> e descubra dicas exclusivas para reduzir o IMT, AIMI e outras taxas ocultas.<\/p><p style=\"text-align: center;\">Somos especialistas em Imobili\u00e1rio de Luxo e cri\u00e1mos este guia especialmente para investidores como voc\u00ea.<\/p><p style=\"text-align: center;\"><strong>Subscreva j\u00e1 e obtenha acesso imediato<\/strong>. Al\u00e9m disso, junte-se \u00e0 nossa comunidade e mantenha-se atualizado com as \u00faltimas novidades, dicas e oportunidades no mercado imobili\u00e1rio do Algarve.<\/p><p style=\"text-align: center;\"><strong>Pronto para come\u00e7ar a poupar? O seu guia est\u00e1 \u00e0 dist\u00e2ncia de um clique!<\/strong><\/p>\t\t\t\t\t\t\t\t<\/div>\n\t\t\t\t<\/div>\n\t\t\t\t<div class=\"elementor-element elementor-element-d370d68 elementor-widget elementor-widget-shortcode\" data-id=\"d370d68\" data-element_type=\"widget\" data-widget_type=\"shortcode.default\">\n\t\t\t\t<div class=\"elementor-widget-container\">\n\t\t\t\t\t\t\t<div class=\"elementor-shortcode\"><div class=\"one-NewsLetterLp\" id=\"one-NewsLetterPopUp\">\r\n    <form action=\"#\">\r\n        <input type=\"hidden\" name=\"action\" value=\"newsLetterPopUp\">\r\n        <input type=\"hidden\" name=\"lead_origin\" value=\"Newsletter Landing Page\">\r\n        <input type=\"hidden\" name=\"mail_subject\" value=\"Your Contact Enquiry -\">\r\n        <input type=\"hidden\" name=\"lead_title\" value=\"Newsletter LP Lead\">\r\n        <input type=\"hidden\" name=\"tag\" value=\"lead generation campaign feb\">\r\n        <div class=\"row gx-3\">\r\n            <div class=\"newsLetterLp_field\">\r\n                <label for=\"lead_type\">Est\u00e1 interessado\/a em:<\/label>\r\n                <select name=\"lead_type\" id=\"lead_type\">\r\n                    <option value=\"\">Todas<\/option>\r\n                    <option value=\"Vender\"> Interesse em Comprar<\/option>\r\n                    <option value=\"Comprar\">Interesse em Vender<\/option>\r\n                <\/select>\r\n            <\/div>\r\n            <div class=\"newsLetterLp_field\">\r\n                <label for=\"fname\">Nome*<\/label>\r\n                <input type=\"text\" id=\"fname\" name=\"fname\" required placeholder=\"Introduza o seu nome\">\r\n            <\/div>\r\n            <div class=\"newsLetterLp_field\">\r\n                <label for=\"\">Email*<\/label>\r\n                <input type=\"email\" id=\"email\" name=\"email\" required placeholder=\"Introduza o seu email\">\r\n            <\/div>\r\n            <div class=\"newsLetterLp_field\">\r\n                <label for=\"\">Tipo de Propriedade<\/label>\r\n                <select name=\"property_type\" id=\"property_type\">\r\n                                                                        <option value=\"Todas\">\r\n                                Todas                            <\/option>\r\n                                                    <option value=\"Apartment\">\r\n                                Apartamento                            <\/option>\r\n                                                    <option value=\"Plot\">\r\n                                Lote                            <\/option>\r\n                                                    <option value=\"Townhouse\">\r\n                                Moradia em Banda                            <\/option>\r\n                                                    <option value=\"Villa\">\r\n                                Moradia                            <\/option>\r\n                                                            <\/select>\r\n            <\/div>\r\n            <div class=\"newsLetterLp_field\">\r\n                <label for=\"\">Localiza\u00e7\u00e3o da Propriedade<\/label>\r\n                <select name=\"property_location\" id=\"property_location\">\r\n                                                                        <option value=\"Todas\">\r\n                                Todas                            <\/option>\r\n                                                    <option value=\"Faro\">\r\n                                Faro                            <\/option>\r\n                                                    <option value=\"Loul\u00e9\">\r\n                                Loul\u00e9                            <\/option>\r\n                                                    <option value=\"Santa B\u00e1rbara de Nexe\">\r\n                                Santa B\u00e1rbara de Nexe                            <\/option>\r\n                                                    <option value=\"Quarteira\">\r\n                                Quarteira                            <\/option>\r\n                                                    <option value=\"Loul\u00e9 (S\u00e3o Clemente)\">\r\n                                Loul\u00e9 (S\u00e3o Clemente)                            <\/option>\r\n                                                    <option value=\"Encosta do Lobo\">\r\n                                Encosta do Lobo                            <\/option>\r\n                                                    <option value=\"Quinta do Lago\">\r\n                                Quinta do Lago                            <\/option>\r\n                                                    <option value=\"Monte Rei\">\r\n                                Monte Rei                            <\/option>\r\n                                                    <option value=\"Fonte Santa\">\r\n                                Fonte Santa                            <\/option>\r\n                                                    <option value=\"Vilamoura\">\r\n                                Vilamoura                            <\/option>\r\n                                                    <option value=\"Vale do Lobo\">\r\n                                Vale do Lobo                            <\/option>\r\n                                                    <option value=\"Varandas do Lago\">\r\n                                Varandas do Lago                            <\/option>\r\n                                                    <option value=\"Vilas Alvas\">\r\n                                Vilas Alvas                            <\/option>\r\n                                                    <option value=\"Goldra\">\r\n                                Goldra                            <\/option>\r\n                                                            <\/select>\r\n            <\/div>\r\n        <\/div>\r\n        <div class=\"newsLetterLp_text\">\r\n            <div class=\"newsLetterPopUp_privacy\">\r\n                <input type=\"checkbox\" name=\"privacy\" id=\"privay\" required>\r\n                <label for=\"privay\">\r\n                    Eu autorizo a ONE Select Properties a armazenar e tratar os meus dados pessoais de acordo com a sua <a href=\"https:\/\/oneselect.motti.dengun.net\/pt-pt\/politica-privacidade\/\"> Pol\u00edtica de Privacidade<\/a>  , bem como com a legisla\u00e7\u00e3o em vigor                <\/label>\r\n            <\/div>\r\n\r\n        <\/div>\r\n        <button type=\"submit\">\r\n            <span class=\"casNewsletter-spiner\"><\/span>\r\n            Subscrever        <\/button>\r\n        <div class=\"popUp_error\"><\/div>\r\n    <\/form>\r\n    <div class=\"popUp_success\"><\/div>\r\n<\/div><\/div>\n\t\t\t\t\t\t<\/div>\n\t\t\t\t<\/div>\n\t\t\t\t<\/div>\n\t\t\t\t\t<\/div>\n\t\t\t\t<\/div>\n\t\t\t\t<\/section>\n\t\t\t\t<\/div>\n\t\t","protected":false},"excerpt":{"rendered":"<p>Otimize o Seu Investimento Imobili\u00e1rio em Portugal Quer poupar nos impostos sobre im\u00f3veis? Descarregue o nosso &#8216;Guia Gratuito de Impostos Imobili\u00e1rios&#8217; e descubra dicas exclusivas para reduzir o IMT, AIMI e outras taxas ocultas. Somos especialistas em Imobili\u00e1rio de Luxo e cri\u00e1mos este guia especialmente para investidores como voc\u00ea. Subscreva j\u00e1 e obtenha acesso imediato. [&hellip;]<\/p>\n","protected":false},"author":3,"featured_media":0,"parent":0,"menu_order":0,"comment_status":"closed","ping_status":"closed","template":"","meta":{"_acf_changed":false,"footnotes":""},"class_list":["post-4985","page","type-page","status-publish","hentry"],"acf":[],"yoast_head":"<!-- This site is optimized with the Yoast SEO Premium plugin v25.1 (Yoast SEO v25.1) - https:\/\/yoast.com\/wordpress\/plugins\/seo\/ -->\n<title>Newsletter | One Select Properties<\/title>\n<meta name=\"robots\" content=\"noindex, follow, max-snippet:-1, max-image-preview:large, max-video-preview:-1\" \/>\n<meta property=\"og:locale\" content=\"pt_PT\" \/>\n<meta property=\"og:type\" content=\"article\" \/>\n<meta property=\"og:title\" content=\"Newsletter\" \/>\n<meta property=\"og:description\" content=\"Otimize o Seu Investimento Imobili\u00e1rio em Portugal Quer poupar nos impostos sobre im\u00f3veis? Descarregue o nosso &#8216;Guia Gratuito de Impostos Imobili\u00e1rios&#8217; e descubra dicas exclusivas para reduzir o IMT, AIMI e outras taxas ocultas. Somos especialistas em Imobili\u00e1rio de Luxo e cri\u00e1mos este guia especialmente para investidores como voc\u00ea. Subscreva j\u00e1 e obtenha acesso imediato. [&hellip;]\" \/>\n<meta property=\"og:url\" content=\"https:\/\/oneselect.motti.dengun.net\/pt-pt\/newsletter\/\" \/>\n<meta property=\"og:site_name\" content=\"One Select Properties\" \/>\n<meta property=\"article:publisher\" content=\"https:\/\/www.facebook.com\/oneselectproperties\" \/>\n<meta property=\"article:modified_time\" content=\"2025-02-07T07:21:00+00:00\" \/>\n<meta property=\"og:image\" content=\"https:\/\/oneselect.motti.dengun.net\/wp-content\/uploads\/2024\/01\/oneselectMain-scaled.webp\" \/>\n\t<meta property=\"og:image:width\" content=\"2560\" \/>\n\t<meta property=\"og:image:height\" content=\"1600\" \/>\n\t<meta property=\"og:image:type\" content=\"image\/webp\" \/>\n<meta name=\"twitter:card\" content=\"summary_large_image\" \/>\n<meta name=\"twitter:label1\" content=\"Tempo estimado de leitura\" \/>\n\t<meta name=\"twitter:data1\" content=\"1 minuto\" \/>\n<script type=\"application\/ld+json\" class=\"yoast-schema-graph\">{\"@context\":\"https:\/\/schema.org\",\"@graph\":[{\"@type\":\"WebPage\",\"@id\":\"https:\/\/oneselect.motti.dengun.net\/pt-pt\/newsletter\/\",\"url\":\"https:\/\/oneselect.motti.dengun.net\/pt-pt\/newsletter\/\",\"name\":\"Newsletter | One Select Properties\",\"isPartOf\":{\"@id\":\"https:\/\/oneselect.motti.dengun.net\/pt-pt\/#website\"},\"datePublished\":\"2025-02-03T05:51:18+00:00\",\"dateModified\":\"2025-02-07T07:21:00+00:00\",\"breadcrumb\":{\"@id\":\"https:\/\/oneselect.motti.dengun.net\/pt-pt\/newsletter\/#breadcrumb\"},\"inLanguage\":\"pt-PT\",\"potentialAction\":[{\"@type\":\"ReadAction\",\"target\":[\"https:\/\/oneselect.motti.dengun.net\/pt-pt\/newsletter\/\"]}]},{\"@type\":\"BreadcrumbList\",\"@id\":\"https:\/\/oneselect.motti.dengun.net\/pt-pt\/newsletter\/#breadcrumb\",\"itemListElement\":[{\"@type\":\"ListItem\",\"position\":1,\"name\":\"Home\",\"item\":\"https:\/\/oneselect.motti.dengun.net\/pt-pt\/\"},{\"@type\":\"ListItem\",\"position\":2,\"name\":\"Newsletter\"}]},{\"@type\":\"WebSite\",\"@id\":\"https:\/\/oneselect.motti.dengun.net\/pt-pt\/#website\",\"url\":\"https:\/\/oneselect.motti.dengun.net\/pt-pt\/\",\"name\":\"ONE Select Properties\",\"description\":\"\",\"publisher\":{\"@id\":\"https:\/\/oneselect.motti.dengun.net\/pt-pt\/#organization\"},\"potentialAction\":[{\"@type\":\"SearchAction\",\"target\":{\"@type\":\"EntryPoint\",\"urlTemplate\":\"https:\/\/oneselect.motti.dengun.net\/pt-pt\/?s={search_term_string}\"},\"query-input\":{\"@type\":\"PropertyValueSpecification\",\"valueRequired\":true,\"valueName\":\"search_term_string\"}}],\"inLanguage\":\"pt-PT\"},{\"@type\":\"Organization\",\"@id\":\"https:\/\/oneselect.motti.dengun.net\/pt-pt\/#organization\",\"name\":\"ONE Select Properties\",\"url\":\"https:\/\/oneselect.motti.dengun.net\/pt-pt\/\",\"logo\":{\"@type\":\"ImageObject\",\"inLanguage\":\"pt-PT\",\"@id\":\"https:\/\/oneselect.motti.dengun.net\/pt-pt\/#\/schema\/logo\/image\/\",\"url\":\"https:\/\/oneselect.motti.dengun.net\/wp-content\/uploads\/2024\/01\/one-logo-white.svg\",\"contentUrl\":\"https:\/\/oneselect.motti.dengun.net\/wp-content\/uploads\/2024\/01\/one-logo-white.svg\",\"caption\":\"ONE Select Properties\"},\"image\":{\"@id\":\"https:\/\/oneselect.motti.dengun.net\/pt-pt\/#\/schema\/logo\/image\/\"},\"sameAs\":[\"https:\/\/www.facebook.com\/oneselectproperties\",\"https:\/\/www.instagram.com\/oneselectproperties\/\",\"https:\/\/www.youtube.com\/channel\/UCbsKrg5UMCIAsweTI6P367A\",\"https:\/\/www.linkedin.com\/company\/one-select-properties\"],\"email\":\"info@oneselectproperties.com\",\"telephone\":\"(+351) 289 143 940\",\"legalName\":\"Carvalho & Castro Imobili\u00e1ria Lda\",\"numberOfEmployees\":{\"@type\":\"QuantitativeValue\",\"minValue\":\"1\",\"maxValue\":\"10\"}}]}<\/script>\n<!-- \/ Yoast SEO Premium plugin. -->","yoast_head_json":{"title":"Newsletter | One Select Properties","robots":{"index":"noindex","follow":"follow","max-snippet":"max-snippet:-1","max-image-preview":"max-image-preview:large","max-video-preview":"max-video-preview:-1"},"og_locale":"pt_PT","og_type":"article","og_title":"Newsletter","og_description":"Otimize o Seu Investimento Imobili\u00e1rio em Portugal Quer poupar nos impostos sobre im\u00f3veis? Descarregue o nosso &#8216;Guia Gratuito de Impostos Imobili\u00e1rios&#8217; e descubra dicas exclusivas para reduzir o IMT, AIMI e outras taxas ocultas. Somos especialistas em Imobili\u00e1rio de Luxo e cri\u00e1mos este guia especialmente para investidores como voc\u00ea. Subscreva j\u00e1 e obtenha acesso imediato. [&hellip;]","og_url":"https:\/\/oneselect.motti.dengun.net\/pt-pt\/newsletter\/","og_site_name":"One Select Properties","article_publisher":"https:\/\/www.facebook.com\/oneselectproperties","article_modified_time":"2025-02-07T07:21:00+00:00","og_image":[{"width":2560,"height":1600,"url":"https:\/\/oneselect.motti.dengun.net\/wp-content\/uploads\/2024\/01\/oneselectMain-scaled.webp","type":"image\/webp"}],"twitter_card":"summary_large_image","twitter_misc":{"Tempo estimado de leitura":"1 minuto"},"schema":{"@context":"https:\/\/schema.org","@graph":[{"@type":"WebPage","@id":"https:\/\/oneselect.motti.dengun.net\/pt-pt\/newsletter\/","url":"https:\/\/oneselect.motti.dengun.net\/pt-pt\/newsletter\/","name":"Newsletter | One Select Properties","isPartOf":{"@id":"https:\/\/oneselect.motti.dengun.net\/pt-pt\/#website"},"datePublished":"2025-02-03T05:51:18+00:00","dateModified":"2025-02-07T07:21:00+00:00","breadcrumb":{"@id":"https:\/\/oneselect.motti.dengun.net\/pt-pt\/newsletter\/#breadcrumb"},"inLanguage":"pt-PT","potentialAction":[{"@type":"ReadAction","target":["https:\/\/oneselect.motti.dengun.net\/pt-pt\/newsletter\/"]}]},{"@type":"BreadcrumbList","@id":"https:\/\/oneselect.motti.dengun.net\/pt-pt\/newsletter\/#breadcrumb","itemListElement":[{"@type":"ListItem","position":1,"name":"Home","item":"https:\/\/oneselect.motti.dengun.net\/pt-pt\/"},{"@type":"ListItem","position":2,"name":"Newsletter"}]},{"@type":"WebSite","@id":"https:\/\/oneselect.motti.dengun.net\/pt-pt\/#website","url":"https:\/\/oneselect.motti.dengun.net\/pt-pt\/","name":"ONE Select Properties","description":"","publisher":{"@id":"https:\/\/oneselect.motti.dengun.net\/pt-pt\/#organization"},"potentialAction":[{"@type":"SearchAction","target":{"@type":"EntryPoint","urlTemplate":"https:\/\/oneselect.motti.dengun.net\/pt-pt\/?s={search_term_string}"},"query-input":{"@type":"PropertyValueSpecification","valueRequired":true,"valueName":"search_term_string"}}],"inLanguage":"pt-PT"},{"@type":"Organization","@id":"https:\/\/oneselect.motti.dengun.net\/pt-pt\/#organization","name":"ONE Select Properties","url":"https:\/\/oneselect.motti.dengun.net\/pt-pt\/","logo":{"@type":"ImageObject","inLanguage":"pt-PT","@id":"https:\/\/oneselect.motti.dengun.net\/pt-pt\/#\/schema\/logo\/image\/","url":"https:\/\/oneselect.motti.dengun.net\/wp-content\/uploads\/2024\/01\/one-logo-white.svg","contentUrl":"https:\/\/oneselect.motti.dengun.net\/wp-content\/uploads\/2024\/01\/one-logo-white.svg","caption":"ONE Select Properties"},"image":{"@id":"https:\/\/oneselect.motti.dengun.net\/pt-pt\/#\/schema\/logo\/image\/"},"sameAs":["https:\/\/www.facebook.com\/oneselectproperties","https:\/\/www.instagram.com\/oneselectproperties\/","https:\/\/www.youtube.com\/channel\/UCbsKrg5UMCIAsweTI6P367A","https:\/\/www.linkedin.com\/company\/one-select-properties"],"email":"info@oneselectproperties.com","telephone":"(+351) 289 143 940","legalName":"Carvalho & Castro Imobili\u00e1ria Lda","numberOfEmployees":{"@type":"QuantitativeValue","minValue":"1","maxValue":"10"}}]}},"_links":{"self":[{"href":"https:\/\/oneselect.motti.dengun.net\/pt-pt\/wp-json\/wp\/v2\/pages\/4985","targetHints":{"allow":["GET"]}}],"collection":[{"href":"https:\/\/oneselect.motti.dengun.net\/pt-pt\/wp-json\/wp\/v2\/pages"}],"about":[{"href":"https:\/\/oneselect.motti.dengun.net\/pt-pt\/wp-json\/wp\/v2\/types\/page"}],"author":[{"embeddable":true,"href":"https:\/\/oneselect.motti.dengun.net\/pt-pt\/wp-json\/wp\/v2\/users\/3"}],"replies":[{"embeddable":true,"href":"https:\/\/oneselect.motti.dengun.net\/pt-pt\/wp-json\/wp\/v2\/comments?post=4985"}],"version-history":[{"count":0,"href":"https:\/\/oneselect.motti.dengun.net\/pt-pt\/wp-json\/wp\/v2\/pages\/4985\/revisions"}],"wp:attachment":[{"href":"https:\/\/oneselect.motti.dengun.net\/pt-pt\/wp-json\/wp\/v2\/media?parent=4985"}],"curies":[{"name":"wp","href":"https:\/\/api.w.org\/{rel}","templated":true}]}}